{"id":6,"date":"2015-05-03T01:22:48","date_gmt":"2015-05-03T05:22:48","guid":{"rendered":"http:\/\/makingcomics.spiltink.org\/?page_id=6"},"modified":"2015-05-10T21:22:07","modified_gmt":"2015-05-11T01:22:07","slug":"teachers-bio","status":"publish","type":"page","link":"https:\/\/salgoodsam.com\/mc\/teachers-bio\/","title":{"rendered":"Teachers Bio"},"content":{"rendered":"<p style=\"text-align: justify;\"><img data-recalc-dims=\"1\" loading=\"lazy\" decoding=\"async\" data-attachment-id=\"7\" data-permalink=\"https:\/\/salgoodsam.com\/mc\/teachers-bio\/salgoodcroped\/\" data-orig-file=\"https:\/\/i0.wp.com\/salgoodsam.com\/mc\/wp-content\/uploads\/2015\/05\/salgoodcroped.jpg?fit=385%2C542&amp;ssl=1\" data-orig-size=\"385,542\" data-comments-opened=\"1\" data-image-meta=\"{&quot;aperture&quot;:&quot;0&quot;,&quot;credit&quot;:&quot;&quot;,&quot;camera&quot;:&quot;&quot;,&quot;caption&quot;:&quot;&quot;,&quot;created_timestamp&quot;:&quot;0&quot;,&quot;copyright&quot;:&quot;&quot;,&quot;focal_length&quot;:&quot;0&quot;,&quot;iso&quot;:&quot;0&quot;,&quot;shutter_speed&quot;:&quot;0&quot;,&quot;title&quot;:&quot;&quot;,&quot;orientation&quot;:&quot;1&quot;}\" data-image-title=\"salgoodcroped\" data-image-description=\"\" data-image-caption=\"\" data-large-file=\"https:\/\/i0.wp.com\/salgoodsam.com\/mc\/wp-content\/uploads\/2015\/05\/salgoodcroped.jpg?fit=385%2C542&amp;ssl=1\" class=\"alignleft wp-image-7\" src=\"https:\/\/i0.wp.com\/salgoodsam.com\/mc\/wp-content\/uploads\/2015\/05\/salgoodcroped.jpg?resize=237%2C334&#038;ssl=1\" alt=\"salgoodcroped\" width=\"237\" height=\"334\" srcset=\"https:\/\/i0.wp.com\/salgoodsam.com\/mc\/wp-content\/uploads\/2015\/05\/salgoodcroped.jpg?w=385&amp;ssl=1 385w, https:\/\/i0.wp.com\/salgoodsam.com\/mc\/wp-content\/uploads\/2015\/05\/salgoodcroped.jpg?resize=213%2C300&amp;ssl=1 213w\" sizes=\"auto, (max-width: 237px) 100vw, 237px\" \/><a href=\"http:\/\/www.salgoodsam.com\/\">Salgood Sam<\/a> is a comics artist with <a href=\"http:\/\/www.linkedin.com\/in\/salgoodsam\" target=\"_blank\">over 25 years experience<\/a> crafting <a href=\"http:\/\/www.salgoodsam.com\/comics\/\" target=\"_blank\">sequential art for both love and money<\/a>. He\u2019s worked as <a href=\"http:\/\/www.salgoodsam.com\/comics\/comics-samples-post\/\" target=\"_blank\">Work For Hire talent<\/a>, as well as an editor and restoration artist of classic comics. And in recent years has financed his independent graphic novels through grants and crowdfunding. And is personally familiar with nearly all aspects of the artform.<\/p>\n<p style=\"text-align: justify;\">Starting early in the 90s he was employed by Marvel and DC comics as a freelancer on titles like \u2018Saint Sinner\u2019, \u2018Clive Barker&#8217;s Nightbreed\u2019, \u2018Dr Strange\u2019, \u2018Morbius the Living Vampire\u2019, \u2018Ghostrider 2099\u2019, \u2018Spiderman 2099\u2019, \u2018Wonder Woman\u2019, \u2018Ghostbusters\u2019, And \u2018Terminator\u2019.<\/p>\n<p style=\"text-align: justify;\">He\u2019s best known today for his work on \u2018Sea of Red\u2019 [Image] and the graphic novels \u2018<a href=\"http:\/\/www.spiltink.org\/store\/products\/free-download-therefore-repent-the-3rd-edition\/\" target=\"_blank\">Therefore, Repent!<\/a>\u2019 [IDW\/NMK] &amp; \u2018<a href=\"http:\/\/www.spiltink.org\/store\/products\/category\/dreamlifeone\/\" target=\"_blank\">Dream Life | a late coming of age<\/a>\u2019 [<a href=\"http:\/\/www.spiltink.org\/\" target=\"_blank\">Spilt Ink<\/a>\/<a href=\"https:\/\/www.kickstarter.com\/projects\/salgood\/dream-life-the-launch-and-tour\" target=\"_blank\">Kickstarter<\/a>]. He also lent a hand restoring Frank King\u2019s classic comic strip Gasoline Alley for Drawn and Quarterly, and currently self publishes his own comics anthology series \u2018<a href=\"http:\/\/www.spiltink.org\/store\/products\/category\/rq\/\" target=\"_blank\">Revolver Quarterly<\/a>\u2019, showcasing a wide variety of drawing and narrative styles. And as an independent publisher he\u2019s run three successful crowdfunding campaigns.<\/p>\n<p style=\"text-align: justify;\">Additionally he helped found both the Monthly Toronto Comic Jam, &amp; <a href=\"http:\/\/www.spiltink.org\/theMMCJarchive\/\" target=\"_blank\">Monthly Montreal Comic Jam<\/a>. The comics news site <a href=\"http:\/\/sequentialpulp.ca\/\" target=\"_blank\">Sequential<\/a>, and is the recipient of three grants and served as a Peer Juror for the Canadian Council for the Arts judging graphic novel grant applications.<\/p>\n<h2 style=\"text-align: center;\">&#8212;&#8212;- French Version! &#8212;&#8212;-<\/h2>\n<p style=\"text-align: justify;\"><b>Sam Salgood<\/b> est un dessinateur de bande dessin\u00e9e qui a plus de 25 ans d\u2019exp\u00e9rience dans l\u2019art s\u00e9quentiel. Il a \u00e9t\u00e9 \u00e9diteur, travaill\u00e9 \u00e0 son compte et restaur\u00e9 des bandes dessin\u00e9es. Ces derni\u00e8res ann\u00e9es, il a financ\u00e9 ses romans graphiques gr\u00e2ce \u00e0 des subventions et au financement participatif. Il est donc familier avec chaque aspect de cet art.<\/p>\n<p style=\"text-align: justify;\">A ses d\u00e9buts dans les ann\u00e9es 90, il a travaill\u00e9 pour Marvel et DC comics en tant qu\u2019artiste freelance sur des titres tels que \u201cSaint Sinners\u201d, \u201cCabal\u201d de Clive Barker, \u201cDoctor Strange\u201d, \u201cMorbius le vampire\u201d, \u201cGhost Rider\u201d, \u201cWonderwoman\u201d, \u201cSOS fant\u00f4mes\u201d et \u201cTerminator\u201d.<\/p>\n<p style=\"text-align: justify;\">De nos jours, il est plus connu pour son travail dans \u201cSea of Red\u201d (Image Comics) ou encore le roman graphique \u201cTherefore, Repent!\u201d (IDW\/NMK) et \u201cDream Life | a late coming of age\u201d (publi\u00e9 \u00e0 titre d\u2019auteur sur Kickstarter). Il a aussi particip\u00e9 \u00e0 la restauration du comic strip classique de Frank King \u201cGasoline Alley\u201d et publie d\u00e9sormais \u00e0 titre d\u2019auteur sa propre bande dessin\u00e9e, \u201c Revolver Quarterly\u201d, dans laquelle il utilise une grande vari\u00e9t\u00e9 de styles de dessin et de narration. En tant qu\u2019\u00e9diteur ind\u00e9pendant, il a men\u00e9 \u00e0 bien trois campagnes de financement participatif.<\/p>\n<p style=\"text-align: justify;\">Par ailleurs, il a \u00e9t\u00e9 le co-fondateur du \u201cMonthly Toronto Comic Jam\u201d\u00a0&amp; &#8220;<a href=\"http:\/\/www.spiltink.org\/theMMCJarchive\/\" target=\"_blank\">Monthly Montreal Comic Jam<\/a>&#8220;, du site d\u2019actualit\u00e9s sur les bandes dessin\u00e9es \u201cSequential\u201d et est le b\u00e9n\u00e9ficiaire de trois subventions diff\u00e9rentes. Il est \u00e9galement jur\u00e9 au sein du Conseil des Arts du Canada o\u00f9 il juge les candidatures d\u2019auteurs de romans graphiques qui souhaitent obtenir des subventions. Salgood est un professeur populaire et exp\u00e9riment\u00e9 de Syn Studio.<\/p>\n","protected":false},"excerpt":{"rendered":"<p>Salgood Sam is a comics artist with over 25 years experience crafting sequential art for both love and money. He\u2019s worked as Work For Hire talent, as well as an editor and restoration artist of classic comics. And in recent years has financed his independent graphic novels through grants and crowdfunding. And is personally familiar with nearly all aspects of the artform.<\/p>\n","protected":false},"author":1,"featured_media":9,"parent":0,"menu_order":5,"comment_status":"open","ping_status":"open","template":"","meta":{"jetpack_post_was_ever_published":false,"footnotes":""},"class_list":["post-6","page","type-page","status-publish","has-post-thumbnail","czr-hentry"],"jetpack_sharing_enabled":true,"jetpack_shortlink":"https:\/\/wp.me\/Pf76WW-6","jetpack-related-posts":[],"jetpack_likes_enabled":true,"_links":{"self":[{"href":"https:\/\/salgoodsam.com\/mc\/wp-json\/wp\/v2\/pages\/6","targetHints":{"allow":["GET"]}}],"collection":[{"href":"https:\/\/salgoodsam.com\/mc\/wp-json\/wp\/v2\/pages"}],"about":[{"href":"https:\/\/salgoodsam.com\/mc\/wp-json\/wp\/v2\/types\/page"}],"author":[{"embeddable":true,"href":"https:\/\/salgoodsam.com\/mc\/wp-json\/wp\/v2\/users\/1"}],"replies":[{"embeddable":true,"href":"https:\/\/salgoodsam.com\/mc\/wp-json\/wp\/v2\/comments?post=6"}],"version-history":[{"count":8,"href":"https:\/\/salgoodsam.com\/mc\/wp-json\/wp\/v2\/pages\/6\/revisions"}],"predecessor-version":[{"id":131,"href":"https:\/\/salgoodsam.com\/mc\/wp-json\/wp\/v2\/pages\/6\/revisions\/131"}],"wp:featuredmedia":[{"embeddable":true,"href":"https:\/\/salgoodsam.com\/mc\/wp-json\/wp\/v2\/media\/9"}],"wp:attachment":[{"href":"https:\/\/salgoodsam.com\/mc\/wp-json\/wp\/v2\/media?parent=6"}],"curies":[{"name":"wp","href":"https:\/\/api.w.org\/{rel}","templated":true}]}}