{"id":16,"date":"2015-05-03T02:04:43","date_gmt":"2015-05-03T06:04:43","guid":{"rendered":"http:\/\/makingcomics.spiltink.org\/?page_id=16"},"modified":"2022-06-05T21:44:44","modified_gmt":"2022-06-06T01:44:44","slug":"makingcomics101","status":"publish","type":"page","link":"https:\/\/salgoodsam.com\/mc\/makingcomics101\/","title":{"rendered":"Making Comics 101"},"content":{"rendered":"\n<h2 class=\"has-text-align-center has-luminous-vivid-orange-color has-text-color wp-block-heading\"><em><strong><b>For 7 years I taught courses at <\/b>Syn Studio art school in downtown Montreal<b>.<\/b><\/strong><\/em><\/h2>\n\n\n\n<p class=\"has-text-align-justify has-medium-font-size\"><b>The Pandemic brought many changes, I&#8217;m now working full time in Animation as a designer, I might come back to teaching in some form but for now I don&#8217;t have the time or energy along side work, so my classes are no longer available and I&#8217;m not taking on private students until further notice!&nbsp;&nbsp;If you want to take a class at Syn, you can check the schools site here for the full listing of their <\/b><a style=\"font-weight: bold;\" rel=\"noopener noreferrer\" href=\"https:\/\/synstudio.ca\/courses\/\" target=\"_blank\">courses<\/a><b>&nbsp;and&nbsp;<\/b><a style=\"font-weight: bold;\" rel=\"noopener noreferrer\" href=\"https:\/\/synstudio.ca\/instructors\/\" target=\"_blank\">instructors<\/a><b>.&nbsp;<\/b><\/p>\n\n\n\n<p class=\"has-text-align-justify has-medium-font-size\">I&#8217;m leaving this site up for use by past students, random seekers of knowledge online, and future possible students. Where I&#8217;ve presented the lessons and ideas of other&#8217;s I try to be sure to give credit, let me know if you find errors or omissions! <\/p>\n\n\n\n<figure class=\"wp-block-gallery has-nested-images columns-3 is-cropped wp-block-gallery-1 is-layout-flex wp-block-gallery-is-layout-flex\">\n<figure class=\"wp-block-image size-large\"><a href=\"https:\/\/i0.wp.com\/salgoodsam.com\/mc\/wp-content\/uploads\/2020\/03\/striponeweb.jpg?ssl=1\"><img data-recalc-dims=\"1\" loading=\"lazy\" decoding=\"async\" width=\"1170\" height=\"663\" data-attachment-id=\"3028\" data-permalink=\"https:\/\/salgoodsam.com\/mc\/makingcomics101\/striponeweb\/\" data-orig-file=\"https:\/\/i0.wp.com\/salgoodsam.com\/mc\/wp-content\/uploads\/2020\/03\/striponeweb.jpg?fit=1200%2C680&amp;ssl=1\" data-orig-size=\"1200,680\" data-comments-opened=\"0\" data-image-meta=\"{&quot;aperture&quot;:&quot;0&quot;,&quot;credit&quot;:&quot;&quot;,&quot;camera&quot;:&quot;&quot;,&quot;caption&quot;:&quot;&quot;,&quot;created_timestamp&quot;:&quot;0&quot;,&quot;copyright&quot;:&quot;&quot;,&quot;focal_length&quot;:&quot;0&quot;,&quot;iso&quot;:&quot;0&quot;,&quot;shutter_speed&quot;:&quot;0&quot;,&quot;title&quot;:&quot;&quot;,&quot;orientation&quot;:&quot;1&quot;}\" data-image-title=\"striponeweb\" data-image-description=\"\" data-image-caption=\"\" data-large-file=\"https:\/\/i0.wp.com\/salgoodsam.com\/mc\/wp-content\/uploads\/2020\/03\/striponeweb.jpg?fit=1170%2C663&amp;ssl=1\" data-id=\"3028\" src=\"https:\/\/i0.wp.com\/salgoodsam.com\/mc\/wp-content\/uploads\/2020\/03\/striponeweb.jpg?resize=1170%2C663&#038;ssl=1\" alt=\"\" class=\"wp-image-3028\" srcset=\"https:\/\/i0.wp.com\/salgoodsam.com\/mc\/wp-content\/uploads\/2020\/03\/striponeweb.jpg?w=1200&amp;ssl=1 1200w, https:\/\/i0.wp.com\/salgoodsam.com\/mc\/wp-content\/uploads\/2020\/03\/striponeweb.jpg?resize=500%2C283&amp;ssl=1 500w, https:\/\/i0.wp.com\/salgoodsam.com\/mc\/wp-content\/uploads\/2020\/03\/striponeweb.jpg?resize=200%2C113&amp;ssl=1 200w, https:\/\/i0.wp.com\/salgoodsam.com\/mc\/wp-content\/uploads\/2020\/03\/striponeweb.jpg?resize=768%2C435&amp;ssl=1 768w\" sizes=\"auto, (max-width: 1170px) 100vw, 1170px\" \/><\/a><\/figure>\n\n\n\n<figure class=\"wp-block-image size-large\"><a href=\"https:\/\/i0.wp.com\/salgoodsam.com\/mc\/wp-content\/uploads\/2020\/03\/stripthreeweb.jpg?ssl=1\"><img data-recalc-dims=\"1\" loading=\"lazy\" decoding=\"async\" width=\"1170\" height=\"693\" data-attachment-id=\"3029\" data-permalink=\"https:\/\/salgoodsam.com\/mc\/makingcomics101\/stripthreeweb\/\" data-orig-file=\"https:\/\/i0.wp.com\/salgoodsam.com\/mc\/wp-content\/uploads\/2020\/03\/stripthreeweb.jpg?fit=1200%2C711&amp;ssl=1\" data-orig-size=\"1200,711\" data-comments-opened=\"0\" data-image-meta=\"{&quot;aperture&quot;:&quot;0&quot;,&quot;credit&quot;:&quot;&quot;,&quot;camera&quot;:&quot;&quot;,&quot;caption&quot;:&quot;&quot;,&quot;created_timestamp&quot;:&quot;0&quot;,&quot;copyright&quot;:&quot;&quot;,&quot;focal_length&quot;:&quot;0&quot;,&quot;iso&quot;:&quot;0&quot;,&quot;shutter_speed&quot;:&quot;0&quot;,&quot;title&quot;:&quot;&quot;,&quot;orientation&quot;:&quot;1&quot;}\" data-image-title=\"stripthreeweb\" data-image-description=\"\" data-image-caption=\"\" data-large-file=\"https:\/\/i0.wp.com\/salgoodsam.com\/mc\/wp-content\/uploads\/2020\/03\/stripthreeweb.jpg?fit=1170%2C693&amp;ssl=1\" data-id=\"3029\" src=\"https:\/\/i0.wp.com\/salgoodsam.com\/mc\/wp-content\/uploads\/2020\/03\/stripthreeweb.jpg?resize=1170%2C693&#038;ssl=1\" alt=\"\" class=\"wp-image-3029\" srcset=\"https:\/\/i0.wp.com\/salgoodsam.com\/mc\/wp-content\/uploads\/2020\/03\/stripthreeweb.jpg?w=1200&amp;ssl=1 1200w, https:\/\/i0.wp.com\/salgoodsam.com\/mc\/wp-content\/uploads\/2020\/03\/stripthreeweb.jpg?resize=500%2C296&amp;ssl=1 500w, https:\/\/i0.wp.com\/salgoodsam.com\/mc\/wp-content\/uploads\/2020\/03\/stripthreeweb.jpg?resize=200%2C119&amp;ssl=1 200w, https:\/\/i0.wp.com\/salgoodsam.com\/mc\/wp-content\/uploads\/2020\/03\/stripthreeweb.jpg?resize=768%2C455&amp;ssl=1 768w\" sizes=\"auto, (max-width: 1170px) 100vw, 1170px\" \/><\/a><\/figure>\n\n\n\n<figure class=\"wp-block-image size-large\"><a href=\"https:\/\/i0.wp.com\/salgoodsam.com\/mc\/wp-content\/uploads\/2020\/03\/striptwoweb.jpg?ssl=1\"><img data-recalc-dims=\"1\" loading=\"lazy\" decoding=\"async\" width=\"1170\" height=\"589\" data-attachment-id=\"3031\" data-permalink=\"https:\/\/salgoodsam.com\/mc\/makingcomics101\/striptwoweb\/\" data-orig-file=\"https:\/\/i0.wp.com\/salgoodsam.com\/mc\/wp-content\/uploads\/2020\/03\/striptwoweb.jpg?fit=1200%2C604&amp;ssl=1\" data-orig-size=\"1200,604\" data-comments-opened=\"0\" data-image-meta=\"{&quot;aperture&quot;:&quot;0&quot;,&quot;credit&quot;:&quot;&quot;,&quot;camera&quot;:&quot;&quot;,&quot;caption&quot;:&quot;&quot;,&quot;created_timestamp&quot;:&quot;0&quot;,&quot;copyright&quot;:&quot;&quot;,&quot;focal_length&quot;:&quot;0&quot;,&quot;iso&quot;:&quot;0&quot;,&quot;shutter_speed&quot;:&quot;0&quot;,&quot;title&quot;:&quot;&quot;,&quot;orientation&quot;:&quot;1&quot;}\" data-image-title=\"striptwoweb\" data-image-description=\"\" data-image-caption=\"\" data-large-file=\"https:\/\/i0.wp.com\/salgoodsam.com\/mc\/wp-content\/uploads\/2020\/03\/striptwoweb.jpg?fit=1170%2C589&amp;ssl=1\" data-id=\"3031\" src=\"https:\/\/i0.wp.com\/salgoodsam.com\/mc\/wp-content\/uploads\/2020\/03\/striptwoweb.jpg?resize=1170%2C589&#038;ssl=1\" alt=\"\" class=\"wp-image-3031\" srcset=\"https:\/\/i0.wp.com\/salgoodsam.com\/mc\/wp-content\/uploads\/2020\/03\/striptwoweb.jpg?w=1200&amp;ssl=1 1200w, https:\/\/i0.wp.com\/salgoodsam.com\/mc\/wp-content\/uploads\/2020\/03\/striptwoweb.jpg?resize=500%2C252&amp;ssl=1 500w, https:\/\/i0.wp.com\/salgoodsam.com\/mc\/wp-content\/uploads\/2020\/03\/striptwoweb.jpg?resize=200%2C101&amp;ssl=1 200w, https:\/\/i0.wp.com\/salgoodsam.com\/mc\/wp-content\/uploads\/2020\/03\/striptwoweb.jpg?resize=768%2C387&amp;ssl=1 768w\" sizes=\"auto, (max-width: 1170px) 100vw, 1170px\" \/><\/a><\/figure>\n<\/figure>\n\n\n<div class=\"wp-block-image\">\n<figure class=\"alignleft\"><a href=\"https:\/\/i0.wp.com\/salgoodsam.com\/mc\/wp-content\/uploads\/2015\/05\/wild4.jpg?ssl=1\"><img data-recalc-dims=\"1\" loading=\"lazy\" decoding=\"async\" width=\"203\" height=\"300\" data-attachment-id=\"17\" data-permalink=\"https:\/\/salgoodsam.com\/mc\/makingcomics101\/wild4\/\" data-orig-file=\"https:\/\/i0.wp.com\/salgoodsam.com\/mc\/wp-content\/uploads\/2015\/05\/wild4.jpg?fit=2216%2C3272&amp;ssl=1\" data-orig-size=\"2216,3272\" data-comments-opened=\"1\" data-image-meta=\"{&quot;aperture&quot;:&quot;0&quot;,&quot;credit&quot;:&quot;&quot;,&quot;camera&quot;:&quot;&quot;,&quot;caption&quot;:&quot;&quot;,&quot;created_timestamp&quot;:&quot;0&quot;,&quot;copyright&quot;:&quot;&quot;,&quot;focal_length&quot;:&quot;0&quot;,&quot;iso&quot;:&quot;0&quot;,&quot;shutter_speed&quot;:&quot;0&quot;,&quot;title&quot;:&quot;&quot;,&quot;orientation&quot;:&quot;0&quot;}\" data-image-title=\"wild4\" data-image-description=\"\" data-image-caption=\"\" data-large-file=\"https:\/\/i0.wp.com\/salgoodsam.com\/mc\/wp-content\/uploads\/2015\/05\/wild4.jpg?fit=694%2C1024&amp;ssl=1\" src=\"https:\/\/i0.wp.com\/salgoodsam.com\/mc\/wp-content\/uploads\/2015\/05\/wild4.jpg?resize=203%2C300&#038;ssl=1\" alt=\"\" class=\"wp-image-17\" srcset=\"https:\/\/i0.wp.com\/salgoodsam.com\/mc\/wp-content\/uploads\/2015\/05\/wild4.jpg?resize=203%2C300&amp;ssl=1 203w, https:\/\/i0.wp.com\/salgoodsam.com\/mc\/wp-content\/uploads\/2015\/05\/wild4.jpg?resize=694%2C1024&amp;ssl=1 694w\" sizes=\"auto, (max-width: 203px) 100vw, 203px\" \/><\/a><\/figure>\n<\/div>\n\n\n<p>Comics are one of the most interesting complex art forms\/media, particularly that in theory one person can do all on their own! But they don&#8217;t have to be intimidating.<\/p>\n\n\n\n<p><strong>Comics can&nbsp;work as well as deceptively simple funnies, as they do in more overtly complex forms. Whatever kind of comics you want to make, by the end of this course you will have had the opportunity to pick up or refine all the key tools you need to make your comics tick, turn pages, and kickass.<\/strong><\/p>\n\n\n<div class=\"wp-block-image\">\n<figure class=\"alignright\"><a href=\"https:\/\/i0.wp.com\/salgoodsam.com\/mc\/wp-content\/uploads\/2020\/03\/newrirualsinks-1.jpg?ssl=1\"><img data-recalc-dims=\"1\" loading=\"lazy\" decoding=\"async\" width=\"489\" height=\"500\" data-attachment-id=\"3035\" data-permalink=\"https:\/\/salgoodsam.com\/mc\/makingcomics101\/newrirualsinks-2\/\" data-orig-file=\"https:\/\/i0.wp.com\/salgoodsam.com\/mc\/wp-content\/uploads\/2020\/03\/newrirualsinks-1.jpg?fit=2000%2C2046&amp;ssl=1\" data-orig-size=\"2000,2046\" data-comments-opened=\"0\" data-image-meta=\"{&quot;aperture&quot;:&quot;0&quot;,&quot;credit&quot;:&quot;&quot;,&quot;camera&quot;:&quot;&quot;,&quot;caption&quot;:&quot;&quot;,&quot;created_timestamp&quot;:&quot;0&quot;,&quot;copyright&quot;:&quot;&quot;,&quot;focal_length&quot;:&quot;0&quot;,&quot;iso&quot;:&quot;0&quot;,&quot;shutter_speed&quot;:&quot;0&quot;,&quot;title&quot;:&quot;&quot;,&quot;orientation&quot;:&quot;0&quot;}\" data-image-title=\"newrirualsinks\" data-image-description=\"\" data-image-caption=\"\" data-large-file=\"https:\/\/i0.wp.com\/salgoodsam.com\/mc\/wp-content\/uploads\/2020\/03\/newrirualsinks-1.jpg?fit=1170%2C1197&amp;ssl=1\" src=\"https:\/\/i0.wp.com\/salgoodsam.com\/mc\/wp-content\/uploads\/2020\/03\/newrirualsinks-1.jpg?resize=489%2C500&#038;ssl=1\" alt=\"\" class=\"wp-image-3035\" srcset=\"https:\/\/i0.wp.com\/salgoodsam.com\/mc\/wp-content\/uploads\/2020\/03\/newrirualsinks-1.jpg?resize=489%2C500&amp;ssl=1 489w, https:\/\/i0.wp.com\/salgoodsam.com\/mc\/wp-content\/uploads\/2020\/03\/newrirualsinks-1.jpg?resize=1955%2C2000&amp;ssl=1 1955w, https:\/\/i0.wp.com\/salgoodsam.com\/mc\/wp-content\/uploads\/2020\/03\/newrirualsinks-1.jpg?resize=196%2C200&amp;ssl=1 196w, https:\/\/i0.wp.com\/salgoodsam.com\/mc\/wp-content\/uploads\/2020\/03\/newrirualsinks-1.jpg?resize=768%2C786&amp;ssl=1 768w, https:\/\/i0.wp.com\/salgoodsam.com\/mc\/wp-content\/uploads\/2020\/03\/newrirualsinks-1.jpg?resize=1501%2C1536&amp;ssl=1 1501w, https:\/\/i0.wp.com\/salgoodsam.com\/mc\/wp-content\/uploads\/2020\/03\/newrirualsinks-1.jpg?w=2000&amp;ssl=1 2000w\" sizes=\"auto, (max-width: 489px) 100vw, 489px\" \/><\/a><\/figure>\n<\/div>\n\n\n<p>This course teaches the universal basics of Comics\/BD\/Manga storytelling. You will learn some of the formal visual language of comics, ways to&nbsp;approach&nbsp;character development, dramatic story structure, dialogue, pleasing&nbsp;to&nbsp;read sequential artwork, the fundamentals of&nbsp;inking, lettering, &amp;&nbsp;enhancing story&nbsp;through colour. We&#8217;ll also overview the&nbsp;business&nbsp;side of comics so you have some idea of what to expect in the very&nbsp;competitive&nbsp;world&nbsp;of&nbsp;professional&nbsp;comics art and cartooning.<\/p>\n\n\n\n<p>The class focuses much more on story and process than drawing skills, for that we have the sister program&nbsp;<a href=\"https:\/\/salgoodsam.com\/mc\/intro-to-cartooning\/\">Intro to Cartooning<\/a>. The courses are designed to be complimentary, I recommend taking them both if you can!<\/p>\n\n\n\n<p>We&nbsp;do a great deal of the teaching in this course for, and on paper, with ink and pencils. But students reasonably proficient with digital drawing are welcomed to work that way, nearly all the things we cover translate at least in part to digital drawing and painting. Indeed, even if you like to draw old school on paper like the teacher, It&#8217;s a big advantage to be&nbsp;able to use both traditional and digital media.<\/p>\n\n\n\n<p class=\"has-text-align-center\"><strong><a href=\"https:\/\/salgoodsam.com\/mc\/materials\/\" target=\"_blank\" rel=\"noopener noreferrer\">Materials List is HERE<\/a>.<\/strong><\/p>\n\n\n\n<p class=\"has-text-align-left\">______________________<\/p>\n\n\n\n<p>COURSE OUTLINE<\/p>\n\n\n\n<p><em>Our 10+ week Making Comics 101 course, will teach you about all aspects of creating of comics, from idea to publication.<\/em><\/p>\n\n\n\n<p><strong>Week 1<\/strong> &#8211; Learn the basic elements, mechanics and terminology of comics, and what defines the medium of sequential art.<\/p>\n\n\n\n<p>And we start a regular comics practice by beginning a daily journal sketch comic.<\/p>\n\n\n\n<p>For the first weeks they will be in the form of three panel&nbsp;Haikus. Comics are language, a form of writing, and the only way we get good at it is by doing it as often as we can! The constraints give us focus, and fewer decisions to make. And they can be fun.<\/p>\n\n\n\n<p><strong>Week 2<\/strong> \u2013 We&#8217;ll start by checking in on how the first weeks&nbsp;daily journal sketch comics are going,<\/p>\n\n\n\n<p>Then discuss the&nbsp;basics of how to build a story arc, have an introduction to plotting and scripting conventions for comics, tools for honing in on what is important in a story and how to use process to build a story, and keep moving forward when faced with creative blocks.<\/p>\n\n\n\n<p>We&#8217;ll also talk about page flow, design&nbsp;&amp; thumbnailing.<\/p>\n\n\n\n<p><strong>Week 3<\/strong> \u2013&nbsp;We&#8217;ll start by checking in on how the weeks&nbsp;daily journal sketch comics are going,<\/p>\n\n\n\n<p>Our weekly comics practice expands to 5 panels after this, and switches for two weeks to the Tanka Constraint.&nbsp;Part of the change will be to&nbsp;explore in greater detail the process of designing&nbsp;comics pages.<\/p>\n\n\n\n<p>We&#8217;ll have demo of inking with a brush, pigment pens and&nbsp;different styles of finishing your art. Talk a bit about cartooning, drawing styles and character design.<\/p>\n\n\n\n<p>And explore choosing the moment with a group exercise in class called &#8216;The Wrong Astronaut&#8217;.<\/p>\n\n\n\n<p><strong>Week 4<\/strong> &#8211;&nbsp;We&#8217;ll start by checking in on how the first week of Tanka based journal sketch comics are going, Have any themes to your stories started to show up? If not consider thinking about finding one?<\/p>\n\n\n\n<p>Continuation of process study,&nbsp;focusing on&nbsp;digital tools for lettering, colouring, and processing your art. From how to scan pages, making \u201cBlue lines\u201d for inking and preparing art for colouring &amp;&nbsp;print.<\/p>\n\n\n\n<p>How to letter your comics digitally, or analog, while ensuring your text is readable. Balloon placement, working that into the page flow, and more. How to prep them when you&#8217;re done for printing or the web.<\/p>\n\n\n\n<p>You don\u2019t have to be able to use a computer to make comics, but like most things, it helps.<\/p>\n\n\n\n<p><strong>Week 5<\/strong> &#8211; We&#8217;ll start by checking in on how the second&nbsp;week of Tanka based journal sketch comics are going.<\/p>\n\n\n\n<p>For the next week&#8217;s comics, we&#8217;ll switch to using the <span style=\"text-decoration: underline;\">Sonnet<\/span>&nbsp;as our writing constraint &#8211; one for the week or one per day if students like. And take on a drawing constraint suggested by a fellow student as well!<\/p>\n\n\n\n<p>Then the class will have an introduction to some advance analog processes and techniques,&nbsp;for those who rather not use a computer. How to use light tables and photocopiers to size up your work and do iterations for inking, revisions and repetition [callbacks].<\/p>\n\n\n\n<p>Hand lettering, paste up and panel replacement. White paints best for corrections, and maintaining aspect ratios for print or the web.<\/p>\n\n\n\n<p><strong>Week 6<\/strong> \u2013&nbsp;We&#8217;ll start by checking in on how the second&nbsp;week of Sonnet&nbsp;based journal sketch comics are going! Can they be sung? We&#8217;ll talk a bit about the challenges of public reading too.<\/p>\n\n\n\n<p>We&#8217;ll look at Comic Jams, collaboration and teamwork in&nbsp;the comics community. You can make comics on your own, but it helps to team up for big projects, and community will be your greatest resource. But even if you rather work alone, social drawing events are great gateways to new ideas and networking.<\/p>\n\n\n\n<p><strong>Week 7<\/strong> \u2013 We&#8217;ll start by checking in on how the second&nbsp;week of Sonnet&nbsp;based journal sketch comics are going! This week we&#8217;ll also pick a new constraint for the remaining Journal comics based on the work so far and some other constraints options such as Oubapo.<\/p>\n\n\n\n<p>Then the class will have&nbsp;an overview of the current state of the Art in self-publishing, the business of comics, financing, social networking and building a brand. It&#8217;s a big topic but we&#8217;ll cover the things you need to know starting out.<\/p>\n\n\n\n<p><strong>Week 8<\/strong> \u2013 Again we&#8217;ll look at each others journal comics,&nbsp;check out and share thoughts on the constraints we choose.<\/p>\n\n\n\n<p>Exercises in Style workshop 1. We&#8217;ll take a simple narrative sequence, and explore several different constraint based ways to depict the same events during the Exercises in Style.<\/p>\n\n\n\n<p><strong>Week 9&nbsp;<\/strong>&#8211;&nbsp;Exercises in Style workshop 2. We&#8217;ll take a simple narrative sequence, and explore several different constraint based ways to depict the same events during the Exercises in Style.<\/p>\n\n\n\n<p>One of the constraints for this class will be to work in a different drawing style, of an author chosen the week before.<\/p>\n\n\n\n<p><strong>Week 10<\/strong>&nbsp;&#8211; At the start of the class we&#8217;ll have our final group critique of each others journal comics, and along with other comics exercises we&#8217;ve done in the course we&#8217;ll collect them for the Anthology!<\/p>\n\n\n\n<p>And this is the 3rd Exercises in Style workshop. Againe one last time, we&#8217;ll take a simple narrative sequence, and explore different constraint based ways to depict them. This time. the&nbsp;class will be directed by Constraints suggested by your fellow students!<\/p>\n\n\n\n<p><strong>Week 11 &#8211; Post course studio visit<\/strong> &#8211; The week after the course is complete any students interested will be invited to visit the teachers studio to look through his&nbsp;work and discuss things covered in the course and beyond. &#8220;Mentorship is a broken but long standing tradition in comics, it helped me a lot when I started out and I hope to pass that on.&#8221; &#8211; Salgood Sam<\/p>\n\n\n\n<hr class=\"wp-block-separator has-css-opacity\"\/>\n\n\n\n<p class=\"has-text-align-center\"><em>Sorry, d\u00e9sol\u00e9, version fran\u00e7aise ici est \u00e0 jour, en travaillant sur la mise en traduire\/\/the French copy here is out of date, working on getting it translated.<\/em><\/p>\n\n\n\n<p class=\"has-text-align-center\"><del>&#8212;&#8212;&#8212;&#8212;&#8212;&#8211;&nbsp;French Version!&nbsp;&#8212;&#8212;&#8212;&#8212;&#8212;&#8211;<\/del><\/p>\n\n\n\n<p>Ce cours enseigne les bases de la narration dans les comics, les bandes dessin\u00e9es ou encore les Mangas. Vous apprendrez \u00e0 d\u00e9velopper vos personnages, les structure narratives, les dialogues et l\u2019art s\u00e9quentiel. Vous apprendrez \u00e9galement \u00e0 encrer votre travail de mani\u00e8re attrayante, \u00e0 lettrer et \u00e0 utiliser la couleur pour am\u00e9liorer votre histoire.<\/p>\n\n\n\n<p>La bande dessin\u00e9e est une forme d\u2019art parmi les plus complexes mais qui peut \u00eatre enti\u00e8rement produite par une seule personne. Aucune raison d\u2019\u00eatre intimid\u00e9! A la fin de ce cours, vous aurez la possibilit\u00e9 de revoir ou de peaufiner tous les outils essentiels pour que votre bande dessin\u00e9e frappe un grand coup et donne envie au lecteur de tourner ses pages!<\/p>\n\n\n\n<p>Ce cours est tr\u00e8s bien adapt\u00e9 aux grands d\u00e9butants ou aux novices qui ont un peu d\u2019exp\u00e9rience dans la cr\u00e9ation de bande dessin\u00e9e. Il n\u2019y a aucune pr\u00e9f\u00e9rence quant au genre et tous les styles sont les bienvenus!<\/p>\n\n\n\n<p>**Notez que ce cours est offert seulement en anglais.<\/p>\n\n\n\n<p>&#8212;&#8212;&#8212;&#8212;&#8212;&#8212;&#8212;&#8212;&#8212;&#8212;&#8212;&#8211;<\/p>\n\n\n\n<p>PLAN DE COURS<\/p>\n\n\n\n<p>Notre cours \u201cMaking Comics 101\u201d de dix semaines vous apprendra les bases de la cr\u00e9ation d\u2019une bande dessin\u00e9e, de l\u2019id\u00e9e jusqu\u2019\u00e0 la publication, en vous aidant \u00e0 d\u00e9velopper votre propre histoire de trois pages encadr\u00e9s par les conseils d\u2019un dessinateur professionnel.<\/p>\n\n\n\n<p>Semaine 1 &#8211; Apprendre les bases, les m\u00e9canismes et la terminologie en mati\u00e8re de bande dessin\u00e9e : en quoi consiste l\u2019art s\u00e9quentiel, ce qui fait un bon concept de personnage, comment agencer une page et les outils!<\/p>\n\n\n\n<p>Semaine 2 &#8211; Comprendre les bases de la construction d\u2019une histoire, initiation \u00e0 l\u2019\u00e9criture de script, la mise en page et les miniatures.<\/p>\n\n\n\n<p>Semaine 3 &#8211; Apprendre les techniques essentielles pour planifier et dessiner les pages de votre bande dessin\u00e9e au crayon \u00e0 papier. D\u00e9couverte des outils pour encrer ainsi que diff\u00e9rents styles visuels pour terminer vos dessins.<\/p>\n\n\n\n<p>Semaine 4 &#8211; Apprendre \u00e0 num\u00e9riser les pages, \u00e0 faire un \u201cblueprint\u201d pour l\u2019encrage et \u00e0 lettrer vos bandes dessin\u00e9es \u00e0 la main tout en s\u2019assurant que le texte reste lisible. Acqu\u00e9rir des m\u00e9thodes pour placer vos bulles de texte de mani\u00e8re \u00e0 cr\u00e9er un bon confort de lecture. Apprendre des m\u00e9thodes avanc\u00e9es d\u2019encrage, et plus encore.<\/p>\n\n\n\n<p>Semaine 5 &#8211; Apprendre \u00e0 utiliser les outils digitaux pour le texte, la couleur et le rendement final de vos pages. Il n\u2019est pas n\u00e9cessaire de savoir utiliser un ordinateur pour faire des bandes dessin\u00e9es, mais cela peut \u00eatre d\u2019une grande aide et donner un coup de pouce \u00e0 votre cr\u00e9ativit\u00e9.<\/p>\n\n\n\n<p>Semaine 6 &#8211; \u201cComics Jam\u201d! Initiation \u00e0 l\u2019improvisation en collaboration avec des membres de la communaut\u00e9 de la bande dessin\u00e9e. Il est possible de faire des bandes dessin\u00e9es seul, mais faire \u00e9quipe est une bonne chose pour les projets plus importants et quoi de mieux que des gens faisant partie de la communaut\u00e9?<\/p>\n\n\n\n<p>Semaine 7 &#8211; Conna\u00eetre l\u2019industrie : vue d\u2019ensemble de l\u2019\u00e9tat actuel de l\u2019industrie de l\u2019art, notamment pour ce qui est des publications \u00e0 compte d\u2019auteur, de la cr\u00e9ation de r\u00e9seau et le d\u00e9veloppement de sa propre marque. Vous travaillerez en parall\u00e8le sur votre bande dessin\u00e9e tout en recevant des critiques personnalis\u00e9es d\u2019un instructeur.<\/p>\n\n\n\n<p>Semaine 8 &#8211; Initiation \u00e0 la mise en couleur digitale et le r\u00f4le des couleurs dans la narration.<\/p>\n\n\n\n<p>Semaines 9 &#8211; 10 &#8211; Apprendre \u00e0 ajouter les touches finales et terminer le projet de bande dessin\u00e9e toujours avec les conseils de l\u2019instructeur.<\/p>\n","protected":false},"excerpt":{"rendered":"<p>This course teaches all the basic aspects of Comics\/BD\/Manga storytelling. You will learn about character development, dramatic story structure, dialogue, easy-to-follow sequential artwork, eye-catching inking, lettering, and enhancing story through colour.<\/p>\n","protected":false},"author":1,"featured_media":17,"parent":0,"menu_order":1,"comment_status":"open","ping_status":"open","template":"","meta":{"jetpack_post_was_ever_published":false,"footnotes":""},"class_list":["post-16","page","type-page","status-publish","has-post-thumbnail","czr-hentry"],"jetpack_sharing_enabled":true,"jetpack_shortlink":"https:\/\/wp.me\/Pf76WW-g","jetpack-related-posts":[],"jetpack_likes_enabled":true,"_links":{"self":[{"href":"https:\/\/salgoodsam.com\/mc\/wp-json\/wp\/v2\/pages\/16","targetHints":{"allow":["GET"]}}],"collection":[{"href":"https:\/\/salgoodsam.com\/mc\/wp-json\/wp\/v2\/pages"}],"about":[{"href":"https:\/\/salgoodsam.com\/mc\/wp-json\/wp\/v2\/types\/page"}],"author":[{"embeddable":true,"href":"https:\/\/salgoodsam.com\/mc\/wp-json\/wp\/v2\/users\/1"}],"replies":[{"embeddable":true,"href":"https:\/\/salgoodsam.com\/mc\/wp-json\/wp\/v2\/comments?post=16"}],"version-history":[{"count":46,"href":"https:\/\/salgoodsam.com\/mc\/wp-json\/wp\/v2\/pages\/16\/revisions"}],"predecessor-version":[{"id":3279,"href":"https:\/\/salgoodsam.com\/mc\/wp-json\/wp\/v2\/pages\/16\/revisions\/3279"}],"wp:featuredmedia":[{"embeddable":true,"href":"https:\/\/salgoodsam.com\/mc\/wp-json\/wp\/v2\/media\/17"}],"wp:attachment":[{"href":"https:\/\/salgoodsam.com\/mc\/wp-json\/wp\/v2\/media?parent=16"}],"curies":[{"name":"wp","href":"https:\/\/api.w.org\/{rel}","templated":true}]}}